{"id":13,"date":"2015-02-19T17:43:26","date_gmt":"2015-02-19T15:43:26","guid":{"rendered":"http:\/\/kardlanukuteater.ee\/?page_id=13"},"modified":"2015-02-19T22:20:24","modified_gmt":"2015-02-19T20:20:24","slug":"pohikiri","status":"publish","type":"page","link":"https:\/\/kardlanukuteater.ee\/?page_id=13","title":{"rendered":"P\u00f5hikiri"},"content":{"rendered":"<h2>Mittetulundus\u00fchingu K\u00e4rdla Nukuteater p\u00f5hikiri<\/h2>\n<div class=\"paragraph\"><strong>I \u00dclds\u00e4tted.<\/strong><br \/>\n1. K\u00e4rdla Nukuteater (edaspidi nimetatud: \u00fching) on mittetulundus\u00fching, mis on asutatud 19. novembri1 1998.a. asukohaga Hiiu maakond K\u00e4rdla linn.<\/div>\n<p>2. Mittetulundus\u00fchingu nimi on: Mittetulundus\u00fching K\u00e4rdla Nukuteater.<\/p>\n<p>3. \u00dching kasutab oma tulusid \u00fcksnes p\u00f5hikirjaliste eesm\u00e4rkide saavutamiseks ega jaota kasumit oma liikmete vahel.<\/p>\n<p>4. \u00dching on era\u00f5iguslik juriidiline isik. Tal on oma s\u00fcmboolika, pitsat ja arveldusarved pangaasutustes.<\/p>\n<p>5. Oma tegevuses juhindub \u00fching Eesti Vabariigi seadustest ja muudest \u00f5igusaktidest, k\u00e4esolevast p\u00f5hikirjast ja \u00fchingu organite otsustest.<\/p>\n<p><strong>II \u00dchingu tegevuse eesm\u00e4rk ja selle saavutamise vahendid.<\/strong><\/p>\n<p>6. \u00dchingu tegevuse eesm\u00e4rgiks on kujundada ja arendadalaste kultuursust, ilumeelt ja positiivset ellusuhtumist ning pakkuda kultuurilist tegevust ja vaba aja veetmise v\u00f5imalust lastele ja t\u00e4iskasvanutele.<\/p>\n<p>7. Oma tegevuseesm\u00e4rgi saavutamiseks \u00fching:<br \/>\n7.1 arendab kultuurialast tegevust maakonnas;<br \/>\n7.2 populariseerib nukuteatrialast kunsti kodusaare kultuuriasutustes;<br \/>\n7.3 korraldab \u00fchenduse liikmetele ja \u00fcldsusele vaba aja veetmise \u00fchis\u00fcritusi;<br \/>\n7.4 korraldab heategevuslikke ja tasulisi \u00fcritusi oma tegevuseesm\u00e4rgi elluviimiseks rahaliste vahendite saamiseks.<\/p>\n<p><strong> III Liikmed, nende \u00f5igused ja kohustused.<\/strong><\/p>\n<p>8. \u00dchingu liikmeks v\u00f5ivad olla iga juriidiline v\u00f5i f\u00fc\u00fcsiline isik, kes soovib k\u00e4esoleva p\u00f5hikirja p. 6 toodud tegevusele kaasa aidata.<\/p>\n<p>9. Liikmeks v\u00f5etakse juhatuse otsusega selleks soovi avaldanud isiku avalduse alusel, kusjuures otsus tehakse 1 kuu jooksul arvates sel1e esitamisest. Liikme \u00f5igused ja kohustused tekivad juhatuse otsuse tegemise p\u00e4evast. Samas korras toimub liikme omal soovil liikmeskonnast lahkumine. Liikmeskonnast v\u00e4ljaastumise soovist teatab liige kirjalikult juhatusele \u00fcks kuu ette, kes teeb otsuse 1 kuu jooksul.<\/p>\n<p>10. Liikme v\u00f5ib liikmeskonnast v\u00e4ljaarvata:<br \/>\n10.1 kui ta ei ole tasunud aasta liikmemaksu \u00fcldkoosoleku poolt kehtestatud sumuses ja t\u00e4htajal;<br \/>\n10.2 ei osale p.7 toodud tegevuses;<br \/>\n10.3 ei t\u00e4ida \u00fcldkoosoleku ja juhatuse otsuseid.<\/p>\n<p>11. Liikme arvab liikmeskonnast v\u00e4lja \u00fcldkoosolek oma otsusega.<\/p>\n<p>12. V\u00e4ljaastunud v\u00f5i v\u00e4ljaarvatud liikmele tasutud liikmemaksu ei tagastata.<\/p>\n<p>13. Liikme \u00f5igused:<br \/>\n13.1 v\u00f5tta osa h\u00e4\u00e4le\u00f5iguse ga \u00fcldkoosolekutest, samuti \u00fchingu poolt korraldatavatest \u00fcritustest ja ettev\u00f5tmistest, nende elluviimisest, \u00fclesannete t\u00e4itmisest;<br \/>\n13.2 valida ja olla valitud \u00fchingu organitesse;<br \/>\n13.3 saada organitelt t\u00e4ielikku informatsiooni \u00fchingu tegevuse kohta;<br \/>\n13.4 esitada ettepanekuid k\u00f5igis \u00fchingu tegevust puudutavates k\u00fcsimustes;<br \/>\n13.5 j\u00e4\u00e4da otsustamisel eriarvamusele ning n\u00f5uda selle protokollimist;<br \/>\n13.6 lahkuda oma avalduse alusel liikmeskonnast.<\/p>\n<p>14. Liikme kohustused:<br \/>\n14.1 t\u00e4itma p\u00f5hikirja n\u00f5udeid ja \u00fchingu organite otsuseid;<br \/>\n14.2 tasuma liikmemaksu \u00fcldkoosoleku poolt m\u00e4\u00e4ratud aja] ja suuruses;<br \/>\n14.3 osalema \u00fchingu tegevuses aidates igati kaasa tegevuseesm\u00e4rkide elluviimisele;<br \/>\n14.4 kasutama heaperemehelikult ja s\u00e4\u00e4stlikult \u00fchingu vara ja vahendeid.<\/p>\n<p>Lisaks k\u00e4esolevas punktis toodud liikmete kohustustele v\u00f5ib \u00fcldkoosoleku otsusega kehtestada liikmetele t\u00e4iendavaid kohustusi, samuti muuta liikmemaksu suurust. Selliste kohustuste vastuv\u00f5tmise poolt peavad h\u00e4\u00e4letama k\u00f5ik koosolekul viibivad liikmed, kusjuures koosolekul peab viibima ka liige, kellel kohustus pannakse.<\/p>\n<p>15. Isikul, kelle liikmelisus on l\u00f5ppenud, ei ole \u00f5igust \u00fchingu varale.<\/p>\n<p><strong>IV Vara, selle valdamine, kasutamine ja k\u00e4sutamine. <\/strong><\/p>\n<p>16. \u00dchingu omandis v\u00f5ib olla igasugune vara, mis on vajalik p\u00f5hikirjalise eesm\u00e4rgi saavutamiseks ja mille omandamine ja omamine ei ole seadusega v\u00f5i teiste \u00f5igusaktidega keelatud.<\/p>\n<p>17. \u00dching kasutab ja k\u00e4sutab oma vara \u00f5igustoimingute teostamisel, mis on aluseks tsiviil\u00f5iguste ja kohustuste tekkimiseks, muutmiseks, l\u00f5petamiseks v\u00f5i l\u00f5ppemiseks.<\/p>\n<p>18. \u00dchingu vara sh. rahalised vahendid moodustuvad:<br \/>\n18.1 liikmemaksudest;<br \/>\n18.2 riigi- ja kohaliku omavalitsusorganite eraldistest;<br \/>\n18.3 tasuliste \u00fcrituste korraldamisest;<br \/>\n18.4 sporsorite abist ning muudest allikatest.<\/p>\n<p>19. \u00dching vastutab oma kohustuste eest kogu oma varaga, liikme vastutus on piiratud tasutud liikmemaksu suurusega.<\/p>\n<p><strong>V \u00dchingu organid. <\/strong><\/p>\n<p>20. \u00dchingu organiteks on liikmete \u00fcldkoosolek ja juhatus.<\/p>\n<p>21. \u00dcldkoosolek on k\u00f5rgeim organ, tema t\u00f6\u00f6vorm on \u00fcldkoosolek.<\/p>\n<p>22. \u00dcldkoosolekud toimuvad seadusega kehtestatud korras ja ja omavad seadusega kehtestatud p\u00e4devuse.<\/p>\n<p>23. \u00dcldkoosolek on p\u00e4dev otsuseid vastu v\u00f5tma, kui sellel osaleb \u00fcle poole liikmetest, otsused v\u00f5etakse vastu, kui poolt h\u00e4\u00e4letab \u00fcle poole koosolekul osalenud liikmetest v\u00e4ljaarvatud juhud, kui seadusega on n\u00f5utud suurem poolth\u00e4\u00e4lteenamus. Kui \u00fcldkoosolekul ei osalenud n\u00f5utav arv liikmeid, kutsutakse \u00fcldkoosolek juhatuse poolt kokku sama p\u00e4evakorraga mitte varem, kui kolme p\u00e4eva m\u00f6\u00f6dumisel. Sel juhul on \u00fcldkoosolek otsustusv\u00f5imeline olenemata osalejate arvust.<\/p>\n<p>24. \u00dchingu tegevust juhib ja esindab \u00fcldkoosoleku poolt m\u00e4\u00e4ratud \u00fche kuni nelja liikmeline juhatus. Juhatuse volituste aeg on 3 aastat.<\/p>\n<p>25. Igal juhatuse liikmel on \u00fchingu esindus\u00f5igus k\u00f5igis \u00f5igustoimingutes.<\/p>\n<p>26. Juhatus:<br \/>\n26.1 korraldab \u00fcldkoosoleku otsuste t\u00e4itmist. liikmete arvestust, raamatupidamist ja aruandlust;<br \/>\n26.2 s\u00f5lmib, muudab ja l\u00f5petab t\u00f6\u00f6lepinguid palgaliste t\u00f6\u00f6tajatega;<br \/>\n26.3 esindab \u00fchingut \u00f5igustoimingutes;<br \/>\n26.4 t\u00e4idab muid seadusest tulenevaid ja \u00fcldkoosoleku poolt antud \u00fclesandeid.<\/p>\n<p>27. Juhatus valib endi hulgast juhatuse esimehe, kes korraldab juhatuse t\u00f6\u00f6d.<\/p>\n<p>28. Juhatuse liikmele nende tegevuse eest juhatuse liikmena v\u00f5ib maksta tasu \u00fcldkoosoleku poolt kehtestatud suuruses.<\/p>\n<p><strong>VI J\u00e4relevalve ja raamatupidamine. <\/strong><\/p>\n<p>29. J\u00e4relevalvet juhatuse tegevuse \u00fcle teostab \u00fcldkoosolek. Selleks v\u00f5ib ta m\u00e4\u00e4rata revisjoni v\u00f5i kutsuda audiitori.<\/p>\n<p>30. Revisjoni v\u00f5i audiitorkontrolli l\u00e4biviimine toimub seadusega kehtestatud korras,<\/p>\n<p>31. Juhatus korraldab \u00fchingu raamatupidamisarvestust vastavalt raamatupidamise seadusele.<\/p>\n<p>32. P\u00e4rast majandusaasta l\u00f5ppu korraldab juhatus aastaaruande ja tegevusaruande koostamise ning esitab need \u00fcldkoosolekule lisades sellele revisjonj v\u00f5i audiitori arvamuse.<\/p>\n<p>33. \u00dchingu majandusaasta algab 1. jaanuaril ja l\u00f5peb 31. detsembril.<\/p>\n<p><strong> VII \u00dchingu \u00fchinemine, jagunemine ja l\u00f5petamine.<\/strong><\/p>\n<p>34. \u00dchinemine, jagunemine ja tegevuse l\u00f5petamine toimub seadusega kehtestatud korras.<\/p>\n<p>35. \u00dchingu l\u00f5petamise korral toimub selle likvideerimine ning likvideerimismenetluses allesj\u00e4\u00e4nud vara jagamisel m\u00e4\u00e4ratakse \u00f5igustatud subjektid \u00fcldkoosoleku poolt, kusjuures see antakse \u00fcle kas riigile, kohalikule omavalitsus\u00fcksusele v\u00f5i samalaadse tegevuseesm\u00e4rgiga \u00fchendusele.<\/p>\n<p>36. K\u00e4esolevas p\u00f5hikirjas reguleerimata k\u00fcsimused lahendatakse seaduse ja muude \u00f5igusaktidega s\u00e4testatud korras.<\/p>\n<p>K\u00e4esolev p\u00f5hikiri on kinnitatud 5. novembril 2000.a. \u00fcldkoosoleku otsusega.<\/p>\n<p>Lea Poola<br \/>\nJuhatuse liige<\/p>\n","protected":false},"excerpt":{"rendered":"<p>Mittetulundus\u00fchingu K\u00e4rdla Nukuteater p\u00f5hikiri I \u00dclds\u00e4tted. 1. K\u00e4rdla Nukuteater (edaspidi nimetatud: \u00fching) on mittetulundus\u00fching, mis on asutatud 19. novembri1 1998.a. asukohaga Hiiu maakond K\u00e4rdla linn. 2. Mittetulundus\u00fchingu nimi on: Mittetulundus\u00fching K\u00e4rdla Nukuteater. 3. \u00dching kasutab oma tulusid \u00fcksnes p\u00f5hikirjaliste eesm\u00e4rkide saavutamiseks ega jaota kasumit oma liikmete vahel. 4. \u00dching on era\u00f5iguslik juriidiline isik. Tal on&hellip;<\/p>\n","protected":false},"author":1,"featured_media":0,"parent":0,"menu_order":3,"comment_status":"closed","ping_status":"open","template":"","meta":{"ngg_post_thumbnail":0,"footnotes":""},"class_list":["post-13","page","type-page","status-publish","hentry"],"_links":{"self":[{"href":"https:\/\/kardlanukuteater.ee\/index.php?rest_route=\/wp\/v2\/pages\/13","targetHints":{"allow":["GET"]}}],"collection":[{"href":"https:\/\/kardlanukuteater.ee\/index.php?rest_route=\/wp\/v2\/pages"}],"about":[{"href":"https:\/\/kardlanukuteater.ee\/index.php?rest_route=\/wp\/v2\/types\/page"}],"author":[{"embeddable":true,"href":"https:\/\/kardlanukuteater.ee\/index.php?rest_route=\/wp\/v2\/users\/1"}],"replies":[{"embeddable":true,"href":"https:\/\/kardlanukuteater.ee\/index.php?rest_route=%2Fwp%2Fv2%2Fcomments&post=13"}],"version-history":[{"count":1,"href":"https:\/\/kardlanukuteater.ee\/index.php?rest_route=\/wp\/v2\/pages\/13\/revisions"}],"predecessor-version":[{"id":14,"href":"https:\/\/kardlanukuteater.ee\/index.php?rest_route=\/wp\/v2\/pages\/13\/revisions\/14"}],"wp:attachment":[{"href":"https:\/\/kardlanukuteater.ee\/index.php?rest_route=%2Fwp%2Fv2%2Fmedia&parent=13"}],"curies":[{"name":"wp","href":"https:\/\/api.w.org\/{rel}","templated":true}]}}