{"id":19,"date":"2015-02-19T19:27:56","date_gmt":"2015-02-19T17:27:56","guid":{"rendered":"http:\/\/kardlanukuteater.ee\/?page_id=19"},"modified":"2024-10-01T15:19:44","modified_gmt":"2024-10-01T12:19:44","slug":"uldinfo","status":"publish","type":"page","link":"https:\/\/kardlanukuteater.ee\/","title":{"rendered":"\u00dcldinfo"},"content":{"rendered":"<div id=\"attachment_712\" style=\"width: 156px\" class=\"wp-caption alignleft\"><a href=\"http:\/\/kardlanukuteater.ee\/wp-content\/uploads\/2015\/02\/Logo.jpeg\"><img loading=\"lazy\" decoding=\"async\" aria-describedby=\"caption-attachment-712\" class=\"size-thumbnail wp-image-712\" src=\"http:\/\/kardlanukuteater.ee\/wp-content\/uploads\/2015\/02\/Logo-150x150.jpeg\" alt=\"K\u00e4rdla Nukuteatri logo\" width=\"150\" height=\"150\" srcset=\"https:\/\/kardlanukuteater.ee\/wp-content\/uploads\/2015\/02\/Logo-150x150.jpeg 150w, https:\/\/kardlanukuteater.ee\/wp-content\/uploads\/2015\/02\/Logo-50x50.jpeg 50w, https:\/\/kardlanukuteater.ee\/wp-content\/uploads\/2015\/02\/Logo.jpeg 225w\" sizes=\"auto, (max-width: 150px) 100vw, 150px\" \/><\/a><p id=\"caption-attachment-712\" class=\"wp-caption-text\">K\u00e4rdla Nukuteater logo<\/p><\/div>\n<p>MT\u00dc K\u00e4rdla Nukuteater asutati 1998. aastal. Teatri looja ja juht Lea Sibul-Poola (22.07.1929\u201418.03.2018) on olnud aastak\u00fcmneid aktiivne nukuteatrikunsti viljeleja, \u00f5petaja ning nukumeister mitmel pool Eestis, tema k\u00e4e all sirgunud palju kunsti- ja teatrihuvilisi noori. Nukuteatri tegevus K\u00e4rdlas sai alguse juba 90-ndate aastate algul, kui Lea Sibul-Poola K\u00e4rdlasse elama asus. Tema suureks teeneks tuleb pidada ka vabariikliku nukufestivali Suur Sirmik korraldamist Hiiumaal. Kokku toimus viis festivali ajavahemikus 1999\u20142007.<\/p>\n<div class=\"paragraph\">\n<p>Praegu juhib MT\u00dc t\u00f6\u00f6d Kersti Ojasalu. K\u00e4rdla Nukuteatril on statsionaarne m\u00e4ngupaik asukohaga Uus tn. 1, mis sai hiljuti (2018) p\u00f5hjalikult remonditud. Peamiselt m\u00e4ngitakse lasteaedadele ja koolidele, tihti kutsutakse esinema Hiiumaa suves\u00fcndmustele. Teatri juures tegutseb \u00f5pilaste n\u00e4itering ja t\u00e4iskasvanute trupp. J\u00f5udum\u00f6\u00f6da oleme osalenud Viljandi nukufestivalidel \u201eTeater kohvris\u201c ning UNIMA Eesti Keskuse eestveetavatel nn. talvefestivalidel Tallinnas.<\/p>\n<p>MT\u00dc K\u00e4rdla Nukuteater korraldab juba aastaid laste s\u00fcnnip\u00e4evi, viimastel aastatel on lisandunud lastejoogatunnid, aeg-ajalt on teatris temaatilised kohvik\u00f5htud, muinasjutuhommikud v\u00f5i erinevad t\u00f6\u00f6toad.<\/p>\n<p>Oma tegevuses ja projektide elluviimisel l\u00e4htub K\u00e4rdla Nukuteater MT\u00dc kaasamise heast tavast ja <a href=\"http:\/\/www.ngo.ee\/eetikakoodeks\">vaba\u00fchenduste eetikakodeksist<\/a>.<\/p>\n<\/div>\n<p>Meie v\u00e4rskemad uudised leiad <a href=\"https:\/\/www.facebook.com\/nukuteater\" target=\"_blank\">Facebook&#8217;i lehelt<\/a>!<\/p>\n","protected":false},"excerpt":{"rendered":"<p>MT\u00dc K\u00e4rdla Nukuteater asutati 1998. aastal. Teatri looja ja juht Lea Sibul-Poola (22.07.1929\u201418.03.2018) on olnud aastak\u00fcmneid aktiivne nukuteatrikunsti viljeleja, \u00f5petaja ning nukumeister mitmel pool Eestis, tema k\u00e4e all sirgunud palju kunsti- ja teatrihuvilisi noori. Nukuteatri tegevus K\u00e4rdlas sai alguse juba 90-ndate aastate algul, kui Lea Sibul-Poola K\u00e4rdlasse elama asus. Tema suureks teeneks tuleb pidada ka&hellip;<\/p>\n","protected":false},"author":1,"featured_media":712,"parent":0,"menu_order":0,"comment_status":"closed","ping_status":"open","template":"","meta":{"ngg_post_thumbnail":0,"footnotes":""},"class_list":["post-19","page","type-page","status-publish","has-post-thumbnail","hentry"],"_links":{"self":[{"href":"https:\/\/kardlanukuteater.ee\/index.php?rest_route=\/wp\/v2\/pages\/19","targetHints":{"allow":["GET"]}}],"collection":[{"href":"https:\/\/kardlanukuteater.ee\/index.php?rest_route=\/wp\/v2\/pages"}],"about":[{"href":"https:\/\/kardlanukuteater.ee\/index.php?rest_route=\/wp\/v2\/types\/page"}],"author":[{"embeddable":true,"href":"https:\/\/kardlanukuteater.ee\/index.php?rest_route=\/wp\/v2\/users\/1"}],"replies":[{"embeddable":true,"href":"https:\/\/kardlanukuteater.ee\/index.php?rest_route=%2Fwp%2Fv2%2Fcomments&post=19"}],"version-history":[{"count":14,"href":"https:\/\/kardlanukuteater.ee\/index.php?rest_route=\/wp\/v2\/pages\/19\/revisions"}],"predecessor-version":[{"id":720,"href":"https:\/\/kardlanukuteater.ee\/index.php?rest_route=\/wp\/v2\/pages\/19\/revisions\/720"}],"wp:featuredmedia":[{"embeddable":true,"href":"https:\/\/kardlanukuteater.ee\/index.php?rest_route=\/wp\/v2\/media\/712"}],"wp:attachment":[{"href":"https:\/\/kardlanukuteater.ee\/index.php?rest_route=%2Fwp%2Fv2%2Fmedia&parent=19"}],"curies":[{"name":"wp","href":"https:\/\/api.w.org\/{rel}","templated":true}]}}