{"id":2,"date":"2015-02-19T14:52:16","date_gmt":"2015-02-19T14:52:16","guid":{"rendered":"http:\/\/kardlanukuteater.ee\/?page_id=2"},"modified":"2024-08-28T13:29:56","modified_gmt":"2024-08-28T10:29:56","slug":"demoleht","status":"publish","type":"page","link":"https:\/\/kardlanukuteater.ee\/?page_id=2","title":{"rendered":"Repertuaar"},"content":{"rendered":"<div id=\"attachment_709\" style=\"width: 218px\" class=\"wp-caption alignnone\"><a href=\"http:\/\/kardlanukuteater.ee\/wp-content\/uploads\/2015\/02\/HaldjasaarPNG-1.png\"><img loading=\"lazy\" decoding=\"async\" aria-describedby=\"caption-attachment-709\" class=\"size-medium wp-image-709\" src=\"http:\/\/kardlanukuteater.ee\/wp-content\/uploads\/2015\/02\/HaldjasaarPNG-1-212x300.png\" alt=\"\" width=\"212\" height=\"300\" srcset=\"https:\/\/kardlanukuteater.ee\/wp-content\/uploads\/2015\/02\/HaldjasaarPNG-1-212x300.png 212w, https:\/\/kardlanukuteater.ee\/wp-content\/uploads\/2015\/02\/HaldjasaarPNG-1-768x1086.png 768w, https:\/\/kardlanukuteater.ee\/wp-content\/uploads\/2015\/02\/HaldjasaarPNG-1-724x1024.png 724w, https:\/\/kardlanukuteater.ee\/wp-content\/uploads\/2015\/02\/HaldjasaarPNG-1.png 1587w\" sizes=\"auto, (max-width: 212px) 100vw, 212px\" \/><\/a><p id=\"caption-attachment-709\" class=\"wp-caption-text\">K\u00e4rdla Nukuteater<\/p><\/div>\n<div id=\"attachment_702\" style=\"width: 175px\" class=\"wp-caption alignnone\"><a href=\"http:\/\/kardlanukuteater.ee\/wp-content\/uploads\/2024\/08\/Kilekotilugu.png\"><img loading=\"lazy\" decoding=\"async\" aria-describedby=\"caption-attachment-702\" class=\"size-medium wp-image-702\" src=\"http:\/\/kardlanukuteater.ee\/wp-content\/uploads\/2024\/08\/Kilekotilugu-169x300.png\" alt=\"\" width=\"169\" height=\"300\" srcset=\"https:\/\/kardlanukuteater.ee\/wp-content\/uploads\/2024\/08\/Kilekotilugu-169x300.png 169w, https:\/\/kardlanukuteater.ee\/wp-content\/uploads\/2024\/08\/Kilekotilugu-768x1365.png 768w, https:\/\/kardlanukuteater.ee\/wp-content\/uploads\/2024\/08\/Kilekotilugu-576x1024.png 576w, https:\/\/kardlanukuteater.ee\/wp-content\/uploads\/2024\/08\/Kilekotilugu.png 1080w\" sizes=\"auto, (max-width: 169px) 100vw, 169px\" \/><\/a><p id=\"caption-attachment-702\" class=\"wp-caption-text\">K\u00fclalisesineja Draakonipesast<\/p><\/div>\n<h2>Hipopotaamus<\/h2>\n<p><img loading=\"lazy\" decoding=\"async\" class=\"alignleft wp-image-103\" src=\"http:\/\/kardlanukuteater.ee\/wp-content\/uploads\/2015\/02\/4882321-225x300.jpg\" alt=\"Hippopotamus\" width=\"250\" height=\"333\" srcset=\"https:\/\/kardlanukuteater.ee\/wp-content\/uploads\/2015\/02\/4882321-225x300.jpg 225w, https:\/\/kardlanukuteater.ee\/wp-content\/uploads\/2015\/02\/4882321.jpg 250w\" sizes=\"auto, (max-width: 250px) 100vw, 250px\" \/>D\u017eunglis elasid j\u00f5ehobu Juss ning l\u00f5vipoeg Leo, kes m\u00e4ngisid p\u00e4evad l\u00e4bi koos. Juss arvas, et ta on Leole hea s\u00f5ber, aga Leo teatas \u00fchel p\u00e4eval, et ta on v\u00e4ga kurb, kuna tal puudub s\u00f5ber. Nii suunduski Leo enda t\u00f5elist s\u00f5pra otsima ta v\u00f5ttis kaasa oma semu Jussi. K\u00f5igepealt l\u00e4ksid nad targa kaelkirjaku Karaluse juurde ja leo k\u00fcsis kaelkirjakult, et kes on tema parim s\u00f5ber. Karalus teadis juhatada, et parim s\u00f5ber on loom nimega Hipopotaamus. Juss ja Leo seiklesid l\u00e4bi d\u017eungli ja kohtasid palju loomi nagu n\u00e4iteks: laiskloom Laisi, ahvip\u00e4rdikud, paabulind Pauliine, j\u00e4nes, boamadu Berta, krokodill. \u00dcksi loom ei sobinud Leo parimaks s\u00f5braks. Juss ja Leo l\u00e4ksid taas kaelkirjaku juurde.\u00a0Juss teatas kurvalt, et otsitud s\u00f5pra ei \u00f5nnestunud leida. Aga Leo kinnitas r\u00f5\u00f5msalt, et otsida pole vaja, sest j\u00f5ehobu Juss ongi k\u00f5ige parem s\u00f5ber. Seepeale avaldas kaelkirjak oma saladuse: Hipopotaamus t\u00e4hendabki ladina keeles j\u00f5ehobu.<\/p>\n<hr style=\"clear: both; visibility: hidden; width: 100%;\" \/>\n<h2>Karupoeg Puhh<\/h2>\n<p><img loading=\"lazy\" decoding=\"async\" class=\"alignleft wp-image-110 size-full\" src=\"http:\/\/kardlanukuteater.ee\/wp-content\/uploads\/2015\/02\/6717499.jpg\" alt=\"Karupoeg Puhh\" width=\"250\" height=\"187\" \/>Kes ei teaks mee maiast Puhhi? Tema seiklused puu otsas, j\u00e4neseurus ja Iahi s\u00fcnnip\u00e4eval. Tule v\u00f5ta ema, isa, s\u00f5ber, \u00f5de v\u00f5i vend kaasa ja tule vaata j\u00e4rele!<\/p>\n<hr style=\"clear: both; visibility: hidden; width: 100%;\" \/>\n<h2><\/h2>\n<h2>Liblikmees<\/h2>\n<p><img loading=\"lazy\" decoding=\"async\" class=\"alignleft wp-image-112 size-full\" src=\"http:\/\/kardlanukuteater.ee\/wp-content\/uploads\/2015\/02\/3344369.jpg\" alt=\"Liblikmees\" width=\"250\" height=\"187\" \/>Iga\u00fcks meist on mingil alal andekas. Nii ka Liblikmees, kes satub tsirkusesse, kuna omab annet oma suust lendu lasta liblikaid. Paraku juhtub see ainult siis, kui ta on v\u00e4ga erutatud. Tema annet kasutatakse tsirkuses maksimaalselt ja l\u00f5puks ammendub ka inimv\u00f5imekus. Ka Liblikmees saab kord liblikaks, et siis vabana taevalaotusesse t\u00f5usta.<\/p>\n<hr style=\"clear: both; visibility: hidden; width: 100%;\" \/>\n<h2><\/h2>\n<h2>Imeline vilepill<\/h2>\n<p><img loading=\"lazy\" decoding=\"async\" class=\"alignleft wp-image-113 size-full\" src=\"http:\/\/kardlanukuteater.ee\/wp-content\/uploads\/2015\/02\/8290334.jpg\" alt=\"Imeline vilepill\" width=\"250\" height=\"187\" \/>Ungari k\u00fclas elas poiss Istvan oma vanaisaga. Nad kasvatasid valgeid roose. Neist oli kuulnud kuri n\u00f5id, kes elas l\u00e4hedal asuvas m\u00f5isas ja kes ilmutas end inimestele k\u00fcll m\u00f5isaproua, k\u00fcll metsamoori, k\u00fcll uhke kuningannana. N\u00f5iale ei meeldinud, et lihtne k\u00fclarahvas kasvatab roose sest ta leidis, et k\u00fclarahvale ei ole lilli vaja, kuna talurahvas peab rooside kasvatamise asemel hoopis m\u00f5isa heaks t\u00f6\u00f6d tegema.<\/p>\n<p>N\u00f5iast m\u00f5isaproua saatis roosiaeda oma kitsed, kes kaunid \u00f5ied h\u00e4vitasid. Istvan ja vanaisa p\u00fc\u00fcdsid uuesti roose kasvatada, kuid taas saabusid kitsed, kes koos m\u00f5isaprouaga p\u00fc\u00fcdsid roosip\u00f5\u00f5said h\u00e4vitada. Kuid \u00fchest roosip\u00f5\u00f5sast astus v\u00e4lja ilus t\u00fctarlaps kes \u00fctles: &#8220;Olen roosihaldjas &#8211; Valgeroosike &#8211; ja mina kaitsen neid roosip\u00f5\u00f5said. N\u00f5id viis Valgeroosikese endaga kaasa. Istvan otsustas Valgeroosikest otsima minna. Vanaisa andis poisile vilepilli, mis aitab ta raskest olukorrast v\u00e4lja. Istvan kasutas oma vilepilli ja ta sai Valgeroosikese tagasi. Maa t\u00e4itus j\u00e4lle valgete roosidega.<\/p>\n<hr style=\"clear: both; visibility: hidden; width: 100%;\" \/>\n<h2>Luik ja Vesiroos<\/h2>\n<p><img loading=\"lazy\" decoding=\"async\" class=\"alignleft wp-image-114 size-full\" src=\"http:\/\/kardlanukuteater.ee\/wp-content\/uploads\/2015\/02\/1892231.jpg\" alt=\"Luik ja Vesiroos\" width=\"250\" height=\"187\" \/>Musta ja valget luike sidus lubadus taas kohtuda, kui metsaj\u00e4rvel puhkeb \u00f5ide valge vesiroos. Rebasel oli s\u00fcnnip\u00e4ev. Konnad, kes elasid j\u00e4rve \u00e4\u00e4res, olid peole kutsutud. Nad ei teadnud mida rebasele kinkida. Eelmine aasta kinkisid nad vihmaussi, kuid seeaasta polnud peas neil \u00fchtegi m\u00f5tet mida kinkida.<\/p>\n<p>\u00c4kki n\u00e4gid konnad vesiroosi ja otsustasid selle rebasele kinkida. Tirisidki lille veest v\u00e4lja ja l\u00e4ksid sellega rebase juurde. Aga vesiroosi ei tohi veest v\u00e4lja tirida, kuna ta kipub kohe n\u00e4rbuma. Rebane tahtis juhtunut heastada ja viis lille vette tagasi, aga juurtest lahti kistud vesiroos j\u00e4i ikka elutult longu.<\/p>\n<p>J\u00e4rve kaldal seisev vana saja-aastane paju k\u00f5neles, et kui meil k\u00f5igil on \u00fchine soov, siis see soov t\u00e4itub. Ning kui k\u00f5ik nukuetenduse ajal saalis olnud lapsed koos rebase ja konnadega h\u00fc\u00fcdsid: &#8220;Vesiroos, \u00e4rka ellu!&#8221; &#8211; siis juhtuski ime ja n\u00e4rbunud \u00f5is \u00e4rkas uuele elule. Ning luiged said taas kohtuda. Kuid n\u00fc\u00fcd lubavad nad enam mitte kunagi \u00fcksteisest loobuda.<\/p>\n<hr style=\"clear: both; visibility: hidden; width: 100%;\" \/>\n<h2>Nukitsamees<\/h2>\n<p><img loading=\"lazy\" decoding=\"async\" class=\"alignleft wp-image-115\" src=\"http:\/\/kardlanukuteater.ee\/wp-content\/uploads\/2015\/02\/7709426-225x300.jpg\" alt=\"Nukitsamees\" width=\"250\" height=\"333\" srcset=\"https:\/\/kardlanukuteater.ee\/wp-content\/uploads\/2015\/02\/7709426-225x300.jpg 225w, https:\/\/kardlanukuteater.ee\/wp-content\/uploads\/2015\/02\/7709426.jpg 250w\" sizes=\"auto, (max-width: 250px) 100vw, 250px\" \/>&#8220;Nukitsamees&#8221; on lugu sellest, kuidas Kusti ja Iti metsas marjul olles \u00e4ra eksivad. Metsamoor leiab lapsed ja viib nad endale koju ja paneb t\u00f6\u00f6le \u2013 Kusti ja Iti peavad sigu toitma, hagu ja vett tassima, peenraid kitkuma ja v\u00e4ikest\u00a0Nukitsameest hoidma. Metsamoori majakeses elavad veel ta pojad M\u00f5hk ja T\u00f6lpa ning vana\u00e4tt.<\/p>\n<p>L\u00f5puks \u00f5nnestub Kustil ja Itil vanamoori juurest p\u00f5geneda. Nad v\u00f5tavad Nukitsamehe endaga kaasa. Kusti ja Iti vanemad v\u00f5tavad Nukitsamehe enese juurde. V\u00e4ike metsaelanik harjub uue eluga, saab nimeks Ants ja l\u00e4heb koos teiste lastega kooli.<\/p>\n<hr style=\"clear: both; visibility: hidden; width: 100%;\" \/>\n<h2><\/h2>\n<h2>Ali-Baba ja r\u00f6\u00f6vlid<\/h2>\n<p><img loading=\"lazy\" decoding=\"async\" class=\"alignleft wp-image-116 size-full\" src=\"http:\/\/kardlanukuteater.ee\/wp-content\/uploads\/2015\/02\/7454842.jpg\" alt=\"Ali-Baba ja r\u00f6\u00f6vlid\" width=\"250\" height=\"187\" \/>Ali-Baba oli vaene poiss kes selleks, et endale elatist teenida, k\u00e4is m\u00e4gedes hagu korjamas. M\u00e4gedes elasid ka r\u00f6\u00f6vlis. Ali-Baba n\u00e4gi kuidas \u00fcks r\u00f6\u00f6vel \u00fctles:&#8221; Seesam, avane!&#8221; Ja n\u00e4e &#8211; kaljust avanes uks,r\u00f6\u00f6vlid kadusid m\u00e4es sisse, naasid sealt t\u00fchjade ja ruttasid alla tagasi. Ali-Baba l\u00e4ks proovima kas uks avaneb ka siis, kui tema \u00fctleb: &#8220;Seesam, avane!&#8221; Uks avaneski. Ali-Baba sai koopasse sisse ja seal oli palju kulda ja v\u00e4\u00e4risehteid. Ta v\u00f5ttis m\u00f5ned ehted kaasa ja viis linna ja jagas need vaeste vahel \u00e4ra. Algul ei saanud r\u00f6\u00f6vlid vargusest midagi aru, aga Ali-Baba k\u00e4is seal ikka ja j\u00e4lle. R\u00f6\u00f6vlid hakkasid kahtlustama. Nad p\u00fc\u00fcdsid Ali-Babale l\u00f5ksu seada, kuid see ei \u00f5nnestunud neil.<\/p>\n<hr style=\"clear: both; visibility: hidden; width: 100%;\" \/>\n<h2>Lumeeit<\/h2>\n<p><img loading=\"lazy\" decoding=\"async\" class=\"alignleft wp-image-117 size-full\" src=\"http:\/\/kardlanukuteater.ee\/wp-content\/uploads\/2015\/02\/9042098.jpg\" alt=\"Lumeeit\" width=\"250\" height=\"187\" \/>Liisi elas v\u00f5\u00f5rasemaga, kellel oli t\u00fctar Leenu. Liisi oli v\u00e4ga t\u00f6\u00f6kasja ilus, aga Leenu laisk ja kole. Liisi pidi tegema k\u00f5ik majapidamise t\u00f6\u00f6d. \u00dcksp\u00e4ev kui Liisi Kaevu juures ketras kukkus v\u00e4rten kaevu. Liisi l\u00e4ks oma \u00f6nnetusest v\u00e4\u00e4rasemale teatama, aga tema k\u00e4skis sellele j\u00e4rgi minna. Liisi l\u00e4kski kaevu juurde ja h\u00fcppas sisse. Aga \u00fcllatus-\u00fcllatus oli sattunud ta justkui teise maailma. Ta oli sattunud \u00fche ilus maja juurde kus aknast vaatas v\u00e4lja t\u00e4dike ja h\u00fc\u00fcdis: &#8220;T\u00fcdruk, t\u00fcdruk, tule siia!&#8221; T\u00e4di pani Liisi t\u00f6\u00f6le. Liisi t\u00f6\u00f6tas palju ja t\u00e4di oli sellega v\u00e4ga rahul. Paarip\u00e4evap\u00e4rast \u00fctles t\u00e4di liisile, et ta tahab talle tehtud t\u00f6\u00f6 eest tasu anda. Nad l\u00e4ksid \u00fche v\u00e4rava juurde ja seal sadas Liisile kaela kuld. Ta sai v\u00e4ga rikkaks ja ilusad riided selga. Ta l\u00e4ks tagasi koju kus ootasid teda v\u00f6\u00f6rasema ja Leenu. Leenu oli Liisi peale kade ja ta tahtis samasuguseid asju ja riideid nagu Liisil. Ta h\u00fcppas kaevu ja l\u00e4ks t\u00e4dikese juurde. Ta \u00fctles t\u00e4dile, et ta tahab samasuguseid riideid nagu Liisil. T\u00e4dike aga \u00fctles, et siis pead sa tegema palju t\u00f6\u00f6d. Leenu aga ei viitsinud midagi teha ja ta tahtis koju minna. Aga t\u00e4dike ei lase ju ometi ilma tasuta koju minna. Ta kutsus Leenu samuti v\u00e4rava juurde ja leenu kallati \u00fcle pigiga. See oli tasu tema tehtud t\u00f6\u00f6 eest.<\/p>\n<hr style=\"clear: both; visibility: hidden; width: 100%;\" \/>\n<h2>Hiirte j\u00f5ulutrall<\/h2>\n<p><img loading=\"lazy\" decoding=\"async\" class=\"alignleft wp-image-118 size-full\" src=\"http:\/\/kardlanukuteater.ee\/wp-content\/uploads\/2015\/02\/8171875.jpg\" alt=\"Hiirte j\u00f5ulutrall\" width=\"250\" height=\"333\" srcset=\"https:\/\/kardlanukuteater.ee\/wp-content\/uploads\/2015\/02\/8171875.jpg 250w, https:\/\/kardlanukuteater.ee\/wp-content\/uploads\/2015\/02\/8171875-225x300.jpg 225w\" sizes=\"auto, (max-width: 250px) 100vw, 250px\" \/>Hiired valmistuvad j\u00f5ulu\u00f5htuks ning nad ehitavad kuuse vanadest n\u00f6\u00f6pidest. Kurvalt vaatavad seda tegevust pealt vana rott kui ka kiuslik kass. Kuid lugu ei l\u00f5ppe kurvalt. Rott ja Kass kutsutakse samuti j\u00f5ulupuud imetlema. K\u00fclalisi kostitatakse juustuga.<\/p>\n<hr style=\"clear: both; visibility: hidden; width: 100%;\" \/>\n<h2>Kuus pisikest Pingviini<\/h2>\n<p><img loading=\"lazy\" decoding=\"async\" class=\"alignleft wp-image-119 size-full\" src=\"http:\/\/kardlanukuteater.ee\/wp-content\/uploads\/2015\/02\/7737185.jpg\" alt=\"Kuus pisikest pingviini\" width=\"250\" height=\"187\" \/>Pingviinipoisil Gvin oli s\u00fcnnip\u00e4ev. Ema lubas Gvini koos \u00f5dede ja vendadega v\u00e4lja m\u00e4ngima, ning asus ise s\u00fcnnip\u00e4evakringlist valmistama. K\u00fclla aga keelas ema pingviinikestel kaugele minna ja k\u00e4skis ettevaatlik olla, sest suur j\u00e4\u00e4karu v\u00f5ib neid muidu \u00e4ra s\u00fc\u00fca.<\/p>\n<p>Pingviinikesed ei kuulagi oma ema, vaid l\u00e4hevad just suurt j\u00e4\u00e4karu otsima. Teepeal kohtavad pingviinukesed palju erinevaid loomi. Pingviinid j\u00f5uavad suure j\u00e4\u00e4karu juurde, aga j\u00e4\u00e4karu tahab neid \u00e4ra s\u00fc\u00fca. S\u00f6\u00f6mist takistab suure j\u00e4\u00e4karu poeg. Ta tahab, et pingviinid temaga m\u00e4ngiksid, mida loomulikud pingviinid teevad. Pingviinid on v\u00e4ikesele j\u00e4\u00e4karule nii t\u00e4nulikud, et Gvin kutsub ta enda s\u00fcnnip\u00e4eva peole.<\/p>\n<hr style=\"clear: both; visibility: hidden; width: 100%;\" \/>\n","protected":false},"excerpt":{"rendered":"<p>Hipopotaamus D\u017eunglis elasid j\u00f5ehobu Juss ning l\u00f5vipoeg Leo, kes m\u00e4ngisid p\u00e4evad l\u00e4bi koos. Juss arvas, et ta on Leole hea s\u00f5ber, aga Leo teatas \u00fchel p\u00e4eval, et ta on v\u00e4ga kurb, kuna tal puudub s\u00f5ber. Nii suunduski Leo enda t\u00f5elist s\u00f5pra otsima ta v\u00f5ttis kaasa oma semu Jussi. K\u00f5igepealt l\u00e4ksid nad targa kaelkirjaku Karaluse juurde&hellip;<\/p>\n","protected":false},"author":1,"featured_media":0,"parent":0,"menu_order":1,"comment_status":"open","ping_status":"open","template":"","meta":{"ngg_post_thumbnail":0,"footnotes":""},"class_list":["post-2","page","type-page","status-publish","hentry"],"_links":{"self":[{"href":"https:\/\/kardlanukuteater.ee\/index.php?rest_route=\/wp\/v2\/pages\/2","targetHints":{"allow":["GET"]}}],"collection":[{"href":"https:\/\/kardlanukuteater.ee\/index.php?rest_route=\/wp\/v2\/pages"}],"about":[{"href":"https:\/\/kardlanukuteater.ee\/index.php?rest_route=\/wp\/v2\/types\/page"}],"author":[{"embeddable":true,"href":"https:\/\/kardlanukuteater.ee\/index.php?rest_route=\/wp\/v2\/users\/1"}],"replies":[{"embeddable":true,"href":"https:\/\/kardlanukuteater.ee\/index.php?rest_route=%2Fwp%2Fv2%2Fcomments&post=2"}],"version-history":[{"count":14,"href":"https:\/\/kardlanukuteater.ee\/index.php?rest_route=\/wp\/v2\/pages\/2\/revisions"}],"predecessor-version":[{"id":711,"href":"https:\/\/kardlanukuteater.ee\/index.php?rest_route=\/wp\/v2\/pages\/2\/revisions\/711"}],"wp:attachment":[{"href":"https:\/\/kardlanukuteater.ee\/index.php?rest_route=%2Fwp%2Fv2%2Fmedia&parent=2"}],"curies":[{"name":"wp","href":"https:\/\/api.w.org\/{rel}","templated":true}]}}